{"id":46,"date":"2023-01-26T14:47:09","date_gmt":"2023-01-26T14:47:09","guid":{"rendered":"https:\/\/idealhediyem.com\/ideal\/?page_id=46"},"modified":"2023-02-04T12:19:17","modified_gmt":"2023-02-04T12:19:17","slug":"iletisim","status":"publish","type":"page","link":"https:\/\/iletisimozelegitim.com\/index.php\/iletisim\/","title":{"rendered":"\u0130leti\u015fim"},"content":{"rendered":"<section id=\"comp-l0e1fafd\" class=\"comp-l0e1fafd Lw0u6i\">\n<div class=\"So7Ias\" data-testid=\"columns\">\n<div id=\"comp-l0e1fafj\" class=\"comp-l0e1fafj YzqVVZ\">\n<div id=\"bgLayers_comp-l0e1fafj\" class=\"MW5IWV\" data-hook=\"bgLayers\">\n<div id=\"bgMedia_comp-l0e1fafj\" class=\"VgO9Yg\"><span style=\"font-size: 150%; color: #000000;\">\u00d6zel E\u011fitim ve Rehabilitasyon Merkezlerimiz<\/span><\/div>\n<\/div>\n<div class=\"\" data-mesh-id=\"comp-l0e1fafjinlineContent\" data-testid=\"inline-content\">\n<div data-mesh-id=\"comp-l0e1fafjinlineContent-gridContainer\" data-testid=\"mesh-container-content\">\n<div id=\"comp-l0e1hslq\" class=\"KcpHeO tz5f0K comp-l0e1hslq wixui-text\" data-testid=\"richTextElement\">\n<p class=\"font_2\"><strong><span style=\"color: #000000;\">ISPARTA MERKEZ<\/span><\/strong><\/p>\n<p class=\"font_2\"><span style=\"color: #000000;\">Modernevler Mah. 131.Cad. (Eski \u00e7\u00fcn\u00fcr yolu \u00fczeri) No:133<\/span><br \/><span style=\"color: #000000;\">Tel: 0 246 218 84 77 \/ Fax: 0 246 218 51 09<\/span><\/p>\n<\/div>\n<div id=\"comp-l0ffnwhf\" class=\"KcpHeO tz5f0K comp-l0ffnwhf wixui-text\" data-testid=\"richTextElement\">\n<p class=\"font_2\"><a style=\"font-size: 14.4px;\" href=\"mailto:info@iletisimozelegitim.com\" data-auto-recognition=\"true\">info@iletisimozelegitim.com<\/a><\/p>\n<\/div>\n<\/div>\n<\/div>\n<\/div>\n<\/div>\n<\/section>\n","protected":false},"excerpt":{"rendered":"<p>\u00d6zel E\u011fitim ve Rehabilitasyon Merkezlerimiz ISPARTA MERKEZ Modernevler Mah. 131.Cad. (Eski \u00e7\u00fcn\u00fcr yolu \u00fczeri) No:133Tel: 0 246 218 84 77 \/ Fax: 0 246 218 51 09 info@iletisimozelegitim.com<\/p>\n","protected":false},"author":1,"featured_media":0,"parent":0,"menu_order":0,"comment_status":"closed","ping_status":"closed","template":"","meta":{"footnotes":""},"class_list":["post-46","page","type-page","status-publish","hentry"],"_links":{"self":[{"href":"https:\/\/iletisimozelegitim.com\/index.php\/wp-json\/wp\/v2\/pages\/46","targetHints":{"allow":["GET"]}}],"collection":[{"href":"https:\/\/iletisimozelegitim.com\/index.php\/wp-json\/wp\/v2\/pages"}],"about":[{"href":"https:\/\/iletisimozelegitim.com\/index.php\/wp-json\/wp\/v2\/types\/page"}],"author":[{"embeddable":true,"href":"https:\/\/iletisimozelegitim.com\/index.php\/wp-json\/wp\/v2\/users\/1"}],"replies":[{"embeddable":true,"href":"https:\/\/iletisimozelegitim.com\/index.php\/wp-json\/wp\/v2\/comments?post=46"}],"version-history":[{"count":5,"href":"https:\/\/iletisimozelegitim.com\/index.php\/wp-json\/wp\/v2\/pages\/46\/revisions"}],"predecessor-version":[{"id":213,"href":"https:\/\/iletisimozelegitim.com\/index.php\/wp-json\/wp\/v2\/pages\/46\/revisions\/213"}],"wp:attachment":[{"href":"https:\/\/iletisimozelegitim.com\/index.php\/wp-json\/wp\/v2\/media?parent=46"}],"curies":[{"name":"wp","href":"https:\/\/api.w.org\/{rel}","templated":true}]}}