{"id":202,"date":"2023-02-04T12:08:27","date_gmt":"2023-02-04T12:08:27","guid":{"rendered":"https:\/\/idealhediyem.com\/ideal\/?page_id=202"},"modified":"2023-02-06T14:27:56","modified_gmt":"2023-02-06T14:27:56","slug":"ozel-ogrenme-guclugu","status":"publish","type":"page","link":"https:\/\/iletisimozelegitim.com\/index.php\/ozel-ogrenme-guclugu\/","title":{"rendered":"\u00d6zel \u00d6\u011frenme G\u00fc\u00e7l\u00fc\u011f\u00fc"},"content":{"rendered":"<div class=\"row\"  id=\"row-1281294482\">\n\n\t<div id=\"col-1836631065\" class=\"col medium-8 small-12 large-8\"  >\n\t\t\t\t<div class=\"col-inner\"  >\n\t\t\t\n\t\t\t\n<p><span style=\"background-color: #ffff00;\"><a style=\"background-color: #ffff00;\" href=\"https:\/\/iletisimozelegitim.com\/index.php\/calisma-alanlarimiz\/\">&lt; Geri<\/a><\/span><\/p>\n<div id=\"comp-kzsfxyjv\" class=\"KcpHeO tz5f0K comp-kzsfxyjv wixui-text\" data-testid=\"richTextElement\">\n<div id=\"comp-kzsfxyjv\" class=\"KcpHeO tz5f0K comp-kzsfxyjv wixui-text\" data-testid=\"richTextElement\">\n<div id=\"comp-kzsfxyjv\" class=\"KcpHeO tz5f0K comp-kzsfxyjv wixui-text\" data-testid=\"richTextElement\"><span style=\"color: #000000;\">\u00a0<span style=\"font-size: 25.92px;\">\u00d6zel \u00d6\u011frenme G\u00fc\u00e7l\u00fc\u011f\u00fc<\/span><\/span><\/div>\n<div id=\"comp-kzsfxyk6\" class=\"TWFxr5\">\n<div class=\"comp-kzsfxyk6\">\n<div class=\"s1IW4bz comp-kzsfxyk6\" data-hook=\"ricosviewer-wrapper\">\n<div class=\"kvdbP _1O7aH\" dir=\"ltr\" data-id=\"rich-content-viewer\">\n<div class=\"_1hN1O _3EPBy\">\n<div id=\"comp-kzsfxyk6\" class=\"TWFxr5\">\n<div class=\"comp-kzsfxyk6\">\n<div class=\"s1IW4bz comp-kzsfxyk6\" data-hook=\"ricosviewer-wrapper\">\n<div class=\"kvdbP _1O7aH\" dir=\"ltr\" data-id=\"rich-content-viewer\">\n<div class=\"_1hN1O _3EPBy\">\n<p id=\"viewer-dq3uu\" class=\"mm8Nw _1j-51 _1FoOD _78FBa public-DraftStyleDefault-block-depth0 fixed-tab-size public-DraftStyleDefault-text-ltr\"><span class=\"_2PHJq public-DraftStyleDefault-ltr\">\u00d6ncelikle \u00e7ocu\u011fun g\u00f6rme ve i\u015fitme duyular\u0131 ile ilgili bir problemi olup olmad\u0131\u011f\u0131\u00a0<\/span><span class=\"_2PHJq public-DraftStyleDefault-ltr\">de\u011ferlendirilmelidir. Bunlar yoksa zihinsel geli\u015fimi ve okul ba\u015far\u0131s\u0131 de\u011ferlendirilmelidir. Ba\u015far\u0131s\u0131zl\u0131\u011f\u0131,\u00a0<\/span><span class=\"_2PHJq public-DraftStyleDefault-ltr\">zihinsel geli\u015fim s\u00fcreciyle a\u00e7\u0131klanam\u0131yorsa \u00f6zg\u00fcl \u00f6\u011frenme g\u00fc\u00e7l\u00fc\u011f\u00fc i\u00e7in gerekli \u00f6zel de\u011ferlendirme\u00a0<\/span><span class=\"_2PHJq public-DraftStyleDefault-ltr\">yap\u0131lmal\u0131d\u0131r. Bu \u00f6zel de\u011ferlendirmeler kurumumuzda uzman kadromuz taraf\u0131ndan yap\u0131lmaktad\u0131r.<\/span><\/p>\n<p id=\"viewer-7f6m0\" class=\"mm8Nw _1j-51 _1FoOD _78FBa public-DraftStyleDefault-block-depth0 fixed-tab-size public-DraftStyleDefault-text-ltr\"><span class=\"_2PHJq public-DraftStyleDefault-ltr\">Yap\u0131lan ara\u015ft\u0131rmalar sonucunda her \u00e7ocu\u011fun sorununun farkl\u0131 alanlarda ve farkl\u0131 derecelerde olabilece\u011fi belirlenip \u00f6\u011frenme g\u00fc\u00e7l\u00fckleri 4\u2019e ayr\u0131lm\u0131\u015ft\u0131r.<\/span><\/p>\n<p id=\"viewer-d1fot\" class=\"mm8Nw _1j-51 _1FoOD _78FBa public-DraftStyleDefault-block-depth0 fixed-tab-size public-DraftStyleDefault-text-ltr\"><span class=\"_2PHJq public-DraftStyleDefault-ltr\">Disleksi \u2013 Okuma g\u00fc\u00e7l\u00fc\u011f\u00fc<\/span><\/p>\n<p id=\"viewer-foc18\" class=\"mm8Nw _1j-51 _1FoOD _78FBa public-DraftStyleDefault-block-depth0 fixed-tab-size public-DraftStyleDefault-text-ltr\"><span class=\"_2PHJq public-DraftStyleDefault-ltr\">Diskalkuli \u2013 Matematik g\u00fc\u00e7l\u00fc\u011f\u00fc<\/span><\/p>\n<p id=\"viewer-3u26\" class=\"mm8Nw _1j-51 _1FoOD _78FBa public-DraftStyleDefault-block-depth0 fixed-tab-size public-DraftStyleDefault-text-ltr\"><span class=\"_2PHJq public-DraftStyleDefault-ltr\">Disgrafi \u2013 Yaz\u0131l\u0131 anlat\u0131m g\u00fc\u00e7l\u00fc\u011f\u00fc<\/span><\/p>\n<p id=\"viewer-di2mk\" class=\"mm8Nw _1j-51 _1FoOD _78FBa public-DraftStyleDefault-block-depth0 fixed-tab-size public-DraftStyleDefault-text-ltr\"><span class=\"_2PHJq public-DraftStyleDefault-ltr\">Dispraksi \u2013 Ba\u015fka t\u00fcrl\u00fc adland\u0131r\u0131lamayan \u00f6\u011frenme g\u00fc\u00e7l\u00fc\u011f\u00fc<\/span><\/p>\n<p id=\"viewer-elnei\" class=\"mm8Nw _1j-51 _1FoOD _78FBa public-DraftStyleDefault-block-depth0 fixed-tab-size public-DraftStyleDefault-text-ltr\"><span class=\"_2PHJq public-DraftStyleDefault-ltr\">\u00d6zel \u00d6\u011frenme G\u00fc\u00e7l\u00fc\u011f\u00fc bulunan \u00e7ocuklar zeka d\u00fczeyi, koordinasyon, dikkat, g\u00f6rsel alg\u0131 , i\u015fitsel alg\u0131,\u00a0<\/span><span class=\"_2PHJq public-DraftStyleDefault-ltr\">dil ve konu\u015fma, organizasyon, oryantasyon, zaman, sosyal duygu durum gibi alanlarda problem\u00a0<\/span><span class=\"_2PHJq public-DraftStyleDefault-ltr\">ya\u015famaktad\u0131r.<\/span><\/p>\n<\/div>\n<\/div>\n<\/div>\n<\/div>\n<\/div>\n<\/div>\n<\/div>\n<\/div>\n<\/div>\n<\/div>\n<\/div>\n<\/div>\n\t\t<\/div>\n\t\t\t\t\t<\/div>\n\n\t\n\n\t<div id=\"col-1249784079\" class=\"col medium-4 small-12 large-4\"  >\n\t\t\t\t<div class=\"col-inner\"  >\n\t\t\t\n\t\t\t\n\t<div class=\"img has-hover x md-x lg-x y md-y lg-y\" id=\"image_850593173\">\n\t\t\t\t\t\t\t\t<div class=\"img-inner dark\" >\n\t\t\t<img loading=\"lazy\" decoding=\"async\" width=\"272\" height=\"281\" src=\"https:\/\/iletisimozelegitim.com\/wp-content\/uploads\/2023\/02\/ozelogrenme.jpg\" class=\"attachment-original size-original\" alt=\"\" \/>\t\t\t\t\t\t\n\t\t\t\t\t<\/div>\n\t\t\t\t\t\t\t\t\n<style>\n#image_850593173 {\n  width: 70%;\n}\n<\/style>\n\t<\/div>\n\t\n\t\t<\/div>\n\t\t\t\t\t<\/div>\n\n\t\n<\/div>\n","protected":false},"excerpt":{"rendered":"","protected":false},"author":1,"featured_media":0,"parent":0,"menu_order":0,"comment_status":"closed","ping_status":"closed","template":"","meta":{"footnotes":""},"class_list":["post-202","page","type-page","status-publish","hentry"],"_links":{"self":[{"href":"https:\/\/iletisimozelegitim.com\/index.php\/wp-json\/wp\/v2\/pages\/202","targetHints":{"allow":["GET"]}}],"collection":[{"href":"https:\/\/iletisimozelegitim.com\/index.php\/wp-json\/wp\/v2\/pages"}],"about":[{"href":"https:\/\/iletisimozelegitim.com\/index.php\/wp-json\/wp\/v2\/types\/page"}],"author":[{"embeddable":true,"href":"https:\/\/iletisimozelegitim.com\/index.php\/wp-json\/wp\/v2\/users\/1"}],"replies":[{"embeddable":true,"href":"https:\/\/iletisimozelegitim.com\/index.php\/wp-json\/wp\/v2\/comments?post=202"}],"version-history":[{"count":5,"href":"https:\/\/iletisimozelegitim.com\/index.php\/wp-json\/wp\/v2\/pages\/202\/revisions"}],"predecessor-version":[{"id":250,"href":"https:\/\/iletisimozelegitim.com\/index.php\/wp-json\/wp\/v2\/pages\/202\/revisions\/250"}],"wp:attachment":[{"href":"https:\/\/iletisimozelegitim.com\/index.php\/wp-json\/wp\/v2\/media?parent=202"}],"curies":[{"name":"wp","href":"https:\/\/api.w.org\/{rel}","templated":true}]}}