{"id":196,"date":"2023-02-04T12:03:29","date_gmt":"2023-02-04T12:03:29","guid":{"rendered":"https:\/\/idealhediyem.com\/ideal\/?page_id=196"},"modified":"2023-02-06T14:26:50","modified_gmt":"2023-02-06T14:26:50","slug":"dil-ve-konusma-bozukluklari","status":"publish","type":"page","link":"https:\/\/iletisimozelegitim.com\/index.php\/dil-ve-konusma-bozukluklari\/","title":{"rendered":"Dil ve Konu\u015fma Bozukluklar\u0131"},"content":{"rendered":"<div class=\"row\"  id=\"row-1247486130\">\n\n\t<div id=\"col-1650278369\" class=\"col medium-8 small-12 large-8\"  >\n\t\t\t\t<div class=\"col-inner\"  >\n\t\t\t\n\t\t\t\n<p><span style=\"background-color: #ffff00;\"><a style=\"background-color: #ffff00;\" href=\"https:\/\/iletisimozelegitim.com\/index.php\/calisma-alanlarimiz\/\">&lt; Geri<\/a><\/span><\/p>\n<div id=\"comp-kzsfxyjv\" class=\"KcpHeO tz5f0K comp-kzsfxyjv wixui-text\" data-testid=\"richTextElement\">\n<div id=\"comp-kzsfxyjv\" class=\"KcpHeO tz5f0K comp-kzsfxyjv wixui-text\" data-testid=\"richTextElement\"><span style=\"font-size: 25.92px; color: #000000;\">Dil ve Konu\u015fma Bozukluklar\u0131<\/span><\/div>\n<div data-testid=\"richTextElement\">\u00a0<\/div>\n<div class=\"KcpHeO tz5f0K comp-kzsfxyjv wixui-text\" data-testid=\"richTextElement\"><strong style=\"color: #555555; font-size: 14.4px;\">Gecikmi\u015f Konu\u015fma<\/strong><\/div>\n<div id=\"comp-kzsfxyk6\" class=\"TWFxr5\">\n<div class=\"comp-kzsfxyk6\">\n<div class=\"s1IW4bz comp-kzsfxyk6\" data-hook=\"ricosviewer-wrapper\">\n<div class=\"kvdbP _1O7aH\" dir=\"ltr\" data-id=\"rich-content-viewer\">\n<div class=\"_1hN1O _3EPBy\">\n<div id=\"comp-kzsfxyk6\" class=\"TWFxr5\">\n<div class=\"comp-kzsfxyk6\">\n<div class=\"s1IW4bz comp-kzsfxyk6\" data-hook=\"ricosviewer-wrapper\">\n<div class=\"kvdbP _1O7aH\" dir=\"ltr\" data-id=\"rich-content-viewer\">\n<div class=\"_1hN1O _3EPBy\">\n<p id=\"viewer-2s2de\" class=\"mm8Nw _1j-51 _1FoOD _78FBa public-DraftStyleDefault-block-depth0 fixed-tab-size public-DraftStyleDefault-text-ltr\"><span class=\"_2PHJq public-DraftStyleDefault-ltr\">T\u00fcm bunlar normalse konu\u015fmada gecikmeye neden olabilecek \u00e7evresel fakt\u00f6rler irdelenmelidir. Normal dil ve konu\u015fma geli\u015fiminde \u00e7evresindeki sesleri dinleyerek ileti\u015fime ilk ad\u0131m\u0131 atan bebeklerin, 12-18. aylar aras\u0131nda ortalama 50 s\u00f6zc\u00fck \u00e7\u0131kt\u0131s\u0131na sahip olmalar\u0131 beklenmektedir. Sonraki s\u00fcre\u00e7te ise kulland\u0131klar\u0131 s\u00f6zc\u00fckleri birle\u015ftirerek, dilbilgisi kurallar\u0131n\u0131 da ekleyip c\u00fcmleler \u00fcretirler ve 4-5 ya\u015flar\u0131na geldiklerinde ise t\u00fcm ihtiya\u00e7lar\u0131n\u0131 anla\u015f\u0131l\u0131r bir \u015fekilde kar\u015f\u0131s\u0131ndakine ifade edebilirler. Dil edinimi s\u00fcrecinde normal kabul edilen veya edilmeyen gecikmeler olabilir. Anne-babalar, konu\u015fmada gecikmesi olan \u00e7ocuklar\u0131 i\u00e7in, etraflar\u0131ndaki baz\u0131 insanlar ya da di\u011fer uzmanlarca s\u00f6ylenen \u201cnas\u0131l olsa konu\u015facak, bir m\u00fcdahaleye gerek yok\u201d d\u00fc\u015f\u00fcncesine kulak asmamal\u0131d\u0131r. Uzman bir dil ve konu\u015fma terapistine ba\u015fvurarak ileride olu\u015fmas\u0131 muhtemel (konu\u015fmas\u0131n\u0131n anla\u015f\u0131lamamas\u0131, okuma-yazmada g\u00fc\u00e7l\u00fckler ya\u015famas\u0131, arkada\u015flar\u0131n\u0131n dalga ge\u00e7mesi gibi) sorunlar\u0131 \u00f6nlemeye \u00e7al\u0131\u015fmal\u0131d\u0131r. <\/span><\/p>\n<p id=\"viewer-bergn\" class=\"mm8Nw _1j-51 _1FoOD _78FBa public-DraftStyleDefault-block-depth0 fixed-tab-size public-DraftStyleDefault-text-ltr\"><span class=\"_2PHJq public-DraftStyleDefault-ltr\"><strong>Gecikmi\u015f Konu\u015fmaya Neden Olan Durumlar:<\/strong> Ailesel dil gecikmesi Geli\u015fimsel dil gecikmesi Premat\u00fcre do\u011fum veya b\u00fcy\u00fcme geli\u015fme gerili\u011fi \u0130ki dil konu\u015fulmas\u0131, sa\u011f el- sol el kullan\u0131lmas\u0131 gibi \u00e7at\u0131\u015fma yaratan durumlar \u0130\u015fitme kay\u0131plar\u0131, i\u015fitmenin alg\u0131lanmas\u0131 bozukluklar\u0131. Dil ba\u011f\u0131, yar\u0131k damak-dudak gibi a\u011f\u0131z i\u00e7i problemleri Otizm, zek\u00e2 gerili\u011fi yapan hastal\u0131klar Psikososyal uyaran eksikli\u011fi <\/span><\/p>\n<p id=\"viewer-bih39\" class=\"mm8Nw _1j-51 _1FoOD _78FBa public-DraftStyleDefault-block-depth0 fixed-tab-size public-DraftStyleDefault-text-ltr\"><span class=\"_2PHJq public-DraftStyleDefault-ltr\"><strong>\u00c7ocuklarda ve Yeti\u015fkinlerde Olmak \u00dczere \u00c7al\u0131\u015fma Alanlar\u0131m\u0131z:<\/strong> \u2013 Kekemelik \u2013 H\u0131zl\u0131-Bozuk Konu\u015fma \u2013 Otizme Ba\u011fl\u0131 Dil ve Konu\u015fma Bozukluklar\u0131 \u2013 A\u011f\u0131z \u0130\u00e7i Problemlere Ba\u011fl\u0131 Dil ve Konu\u015fma Bozukluklar\u0131 \u2013 \u0130\u015fitme Sorunlar\u0131na Ba\u011fl\u0131 Dil ve Konu\u015fma Bozukluklar\u0131 \u2013 Konu\u015fma Sesi Bozukluklar\u0131 \u2013 \u00c7ocukluk \u00c7a\u011f\u0131 Apraksisi \u2013 Afazi<\/span><\/p>\n<\/div>\n<\/div>\n<\/div>\n<\/div>\n<\/div>\n<\/div>\n<\/div>\n<\/div>\n<\/div>\n<\/div>\n<\/div>\n\t\t<\/div>\n\t\t\t\t\t<\/div>\n\n\t\n\n\t<div id=\"col-1732703979\" class=\"col medium-4 small-12 large-4\"  >\n\t\t\t\t<div class=\"col-inner\"  >\n\t\t\t\n\t\t\t\n\t<div class=\"img has-hover x md-x lg-x y md-y lg-y\" id=\"image_959595076\">\n\t\t\t\t\t\t\t\t<div class=\"img-inner dark\" >\n\t\t\t<img loading=\"lazy\" decoding=\"async\" width=\"275\" height=\"279\" src=\"https:\/\/iletisimozelegitim.com\/wp-content\/uploads\/2023\/02\/dil_konusma.jpg\" class=\"attachment-original size-original\" alt=\"\" \/>\t\t\t\t\t\t\n\t\t\t\t\t<\/div>\n\t\t\t\t\t\t\t\t\n<style>\n#image_959595076 {\n  width: 70%;\n}\n<\/style>\n\t<\/div>\n\t\n\t\t<\/div>\n\t\t\t\t\t<\/div>\n\n\t\n<\/div>\n","protected":false},"excerpt":{"rendered":"","protected":false},"author":1,"featured_media":0,"parent":0,"menu_order":0,"comment_status":"closed","ping_status":"closed","template":"","meta":{"footnotes":""},"class_list":["post-196","page","type-page","status-publish","hentry"],"_links":{"self":[{"href":"https:\/\/iletisimozelegitim.com\/index.php\/wp-json\/wp\/v2\/pages\/196","targetHints":{"allow":["GET"]}}],"collection":[{"href":"https:\/\/iletisimozelegitim.com\/index.php\/wp-json\/wp\/v2\/pages"}],"about":[{"href":"https:\/\/iletisimozelegitim.com\/index.php\/wp-json\/wp\/v2\/types\/page"}],"author":[{"embeddable":true,"href":"https:\/\/iletisimozelegitim.com\/index.php\/wp-json\/wp\/v2\/users\/1"}],"replies":[{"embeddable":true,"href":"https:\/\/iletisimozelegitim.com\/index.php\/wp-json\/wp\/v2\/comments?post=196"}],"version-history":[{"count":4,"href":"https:\/\/iletisimozelegitim.com\/index.php\/wp-json\/wp\/v2\/pages\/196\/revisions"}],"predecessor-version":[{"id":248,"href":"https:\/\/iletisimozelegitim.com\/index.php\/wp-json\/wp\/v2\/pages\/196\/revisions\/248"}],"wp:attachment":[{"href":"https:\/\/iletisimozelegitim.com\/index.php\/wp-json\/wp\/v2\/media?parent=196"}],"curies":[{"name":"wp","href":"https:\/\/api.w.org\/{rel}","templated":true}]}}