{"id":187,"date":"2023-02-04T11:58:16","date_gmt":"2023-02-04T11:58:16","guid":{"rendered":"https:\/\/idealhediyem.com\/ideal\/?page_id=187"},"modified":"2023-02-06T14:25:43","modified_gmt":"2023-02-06T14:25:43","slug":"fizyoterapi-ve-rehabilitasyon","status":"publish","type":"page","link":"https:\/\/iletisimozelegitim.com\/index.php\/fizyoterapi-ve-rehabilitasyon\/","title":{"rendered":"Fizyoterapi ve Rehabilitasyon"},"content":{"rendered":"<div class=\"row\"  id=\"row-1068968805\">\n\n\t<div id=\"col-1936334476\" class=\"col medium-8 small-12 large-8\"  >\n\t\t\t\t<div class=\"col-inner\"  >\n\t\t\t\n\t\t\t\n<p><span style=\"background-color: #ffff00;\"><a style=\"background-color: #ffff00;\" href=\"https:\/\/iletisimozelegitim.com\/index.php\/calisma-alanlarimiz\/\">&lt; Geri<\/a><\/span><\/p>\n<div id=\"comp-kzsfxyjv\" class=\"KcpHeO tz5f0K comp-kzsfxyjv wixui-text\" data-testid=\"richTextElement\">\n<div id=\"comp-kzsfxyjv\" class=\"KcpHeO tz5f0K comp-kzsfxyjv wixui-text\" data-testid=\"richTextElement\">\n<h1 class=\"font_0\">Fizyoterapi ve Rehabilitasyon<\/h1>\n<\/div>\n<div id=\"comp-kzsfxyk6\" class=\"TWFxr5\">\n<div class=\"comp-kzsfxyk6\">\n<div class=\"s1IW4bz comp-kzsfxyk6\" data-hook=\"ricosviewer-wrapper\">\n<div class=\"kvdbP _1O7aH\" dir=\"ltr\" data-id=\"rich-content-viewer\">\n<div class=\"_1hN1O _3EPBy\">\n<p id=\"viewer-a6vpr\" class=\"mm8Nw _1j-51 _1FoOD _78FBa public-DraftStyleDefault-block-depth0 fixed-tab-size public-DraftStyleDefault-text-ltr\"><span class=\"_2PHJq public-DraftStyleDefault-ltr\">Fizik Tedavi, serebral palsi, Down Sendromu, kas hastal\u0131klar\u0131, brakial lexus yaralanmalar\u0131, skolyoz, tortikolis, otizm, mental retardasyon, metabolik hastal\u0131klar, genetik hastal\u0131klar, travma sonras\u0131 ortaya \u00e7\u0131kan bedensel yetersizliklerin, n\u00f6ral t\u00fcp defektleri (spina bifida) gibi hastal\u0131klar\u0131n belli ba\u015fl\u0131 tedavisidir.<\/span><\/p>\n<p id=\"viewer-bkcjf\" class=\"mm8Nw _1j-51 _1FoOD _78FBa public-DraftStyleDefault-block-depth0 fixed-tab-size public-DraftStyleDefault-text-ltr\"><span class=\"_2PHJq public-DraftStyleDefault-ltr\">Tedavide v\u00fccudu ara\u00e7 olarak kullan\u0131p egzersizlerle beyni yeniden yap\u0131land\u0131rmak en temel prensiptir. Tedaviler her \u00e7ocu\u011fa \u00f6zel olarak planlanmal\u0131d\u0131r. \u00c7ocuklar, annenin gebelik s\u00fcreci, do\u011fum bi\u00e7imi, do\u011fum s\u0131ras\u0131nda ya\u015fanan zorluklar, bebe\u011fin do\u011fum tart\u0131s\u0131, ba\u015f \u00e7evresi, ailedeki genetik hastal\u0131klar, ya\u015f\u0131na g\u00f6re tuvalet kontrol\u00fc ve beslenme al\u0131\u015fkanl\u0131klar\u0131, kullanm\u0131\u015f oldu\u011fu ila\u00e7lar ve e\u015flik eden hastal\u0131klar\u0131 a\u00e7\u0131s\u0131ndan kapsaml\u0131 de\u011ferlendirilmeli ve tedavi planlan\u0131rken bu de\u011ferlendirmeler g\u00f6z \u00f6n\u00fcnde bulundurulmal\u0131d\u0131r.<\/span><\/p>\n<p id=\"viewer-e3btd\" class=\"mm8Nw _1j-51 _1FoOD _78FBa public-DraftStyleDefault-block-depth0 fixed-tab-size public-DraftStyleDefault-text-ltr\"><span class=\"_2PHJq public-DraftStyleDefault-ltr\">Tedavide n\u00f6rogeli\u015fimsel tedavi yakla\u015f\u0131mlar\u0131 (bobath terapisi), duyu b\u00fct\u00fcnleme terapisi, orthez planlanmas\u0131, denge ve koordinasyon yapm\u0131\u015f oldu\u011fu \u00e7al\u0131\u015fmalar ve aile e\u011fitimi kompanentleri bulunur.<\/span><\/p>\n<p id=\"viewer-c8h2v\" class=\"mm8Nw _1j-51 _1FoOD _78FBa public-DraftStyleDefault-block-depth0 fixed-tab-size public-DraftStyleDefault-text-ltr\"><span class=\"_2PHJq public-DraftStyleDefault-ltr\">Rehabilitasyonda ba\u015far\u0131 i\u00e7in multidisipliner yakla\u015f\u0131m \u015fartt\u0131r. Ekipte doktor, fizyoterapist, psikolog, \u00f6zel e\u011fitim \u00f6\u011fretmeni, konu\u015fma terapisti ve aile i\u015fbirli\u011fi i\u00e7inde ve ileti\u015fim halinde olmal\u0131d\u0131r.<\/span><\/p>\n<\/div>\n<\/div>\n<\/div>\n<\/div>\n<\/div>\n<\/div>\n\t\t<\/div>\n\t\t\t\t\t<\/div>\n\n\t\n\n\t<div id=\"col-325763632\" class=\"col medium-4 small-12 large-4\"  >\n\t\t\t\t<div class=\"col-inner\"  >\n\t\t\t\n\t\t\t\n\t<div class=\"img has-hover x md-x lg-x y md-y lg-y\" id=\"image_1552959297\">\n\t\t\t\t\t\t\t\t<div class=\"img-inner dark\" >\n\t\t\t<img loading=\"lazy\" decoding=\"async\" width=\"271\" height=\"283\" src=\"https:\/\/iletisimozelegitim.com\/wp-content\/uploads\/2023\/02\/fizyoterapi.jpg\" class=\"attachment-original size-original\" alt=\"\" \/>\t\t\t\t\t\t\n\t\t\t\t\t<\/div>\n\t\t\t\t\t\t\t\t\n<style>\n#image_1552959297 {\n  width: 70%;\n}\n<\/style>\n\t<\/div>\n\t\n\t\t<\/div>\n\t\t\t\t\t<\/div>\n\n\t\n<\/div>\n","protected":false},"excerpt":{"rendered":"","protected":false},"author":1,"featured_media":0,"parent":0,"menu_order":0,"comment_status":"closed","ping_status":"closed","template":"","meta":{"footnotes":""},"class_list":["post-187","page","type-page","status-publish","hentry"],"_links":{"self":[{"href":"https:\/\/iletisimozelegitim.com\/index.php\/wp-json\/wp\/v2\/pages\/187","targetHints":{"allow":["GET"]}}],"collection":[{"href":"https:\/\/iletisimozelegitim.com\/index.php\/wp-json\/wp\/v2\/pages"}],"about":[{"href":"https:\/\/iletisimozelegitim.com\/index.php\/wp-json\/wp\/v2\/types\/page"}],"author":[{"embeddable":true,"href":"https:\/\/iletisimozelegitim.com\/index.php\/wp-json\/wp\/v2\/users\/1"}],"replies":[{"embeddable":true,"href":"https:\/\/iletisimozelegitim.com\/index.php\/wp-json\/wp\/v2\/comments?post=187"}],"version-history":[{"count":3,"href":"https:\/\/iletisimozelegitim.com\/index.php\/wp-json\/wp\/v2\/pages\/187\/revisions"}],"predecessor-version":[{"id":246,"href":"https:\/\/iletisimozelegitim.com\/index.php\/wp-json\/wp\/v2\/pages\/187\/revisions\/246"}],"wp:attachment":[{"href":"https:\/\/iletisimozelegitim.com\/index.php\/wp-json\/wp\/v2\/media?parent=187"}],"curies":[{"name":"wp","href":"https:\/\/api.w.org\/{rel}","templated":true}]}}