{"id":175,"date":"2023-02-04T11:48:38","date_gmt":"2023-02-04T11:48:38","guid":{"rendered":"https:\/\/idealhediyem.com\/ideal\/?page_id=175"},"modified":"2023-02-06T14:24:43","modified_gmt":"2023-02-06T14:24:43","slug":"zihinsel-yetersizlik","status":"publish","type":"page","link":"https:\/\/iletisimozelegitim.com\/index.php\/zihinsel-yetersizlik\/","title":{"rendered":"Zihinsel Yetersizlik"},"content":{"rendered":"<div class=\"row\"  id=\"row-1688290435\">\n\n\t<div id=\"col-1734369762\" class=\"col medium-8 small-12 large-8\"  >\n\t\t\t\t<div class=\"col-inner\"  >\n\t\t\t\n\t\t\t\n<p><span style=\"background-color: #ffff00;\"><a style=\"background-color: #ffff00;\" href=\"https:\/\/iletisimozelegitim.com\/index.php\/calisma-alanlarimiz\/\">&lt; Geri<\/a><\/span><\/p>\n<div id=\"comp-kzsfxyjv\" class=\"KcpHeO tz5f0K comp-kzsfxyjv wixui-text\" data-testid=\"richTextElement\">\n<h1 class=\"font_0\">Zihinsel Yetersizlik<\/h1>\n<\/div>\n<div id=\"comp-kzsfxyk6\" class=\"TWFxr5\">\n<div class=\"comp-kzsfxyk6\">\n<div class=\"s1IW4bz comp-kzsfxyk6\" data-hook=\"ricosviewer-wrapper\">\n<div class=\"kvdbP _1O7aH\" dir=\"ltr\" data-id=\"rich-content-viewer\">\n<div class=\"_1hN1O _3EPBy\">\n<p id=\"viewer-foo\" class=\"mm8Nw _1j-51 _1FoOD _78FBa public-DraftStyleDefault-block-depth0 fixed-tab-size public-DraftStyleDefault-text-ltr\"><span class=\"_2PHJq public-DraftStyleDefault-ltr\">uygun olarak haz\u0131rlanan e\u011fitim-\u00f6\u011fretim planlar\u0131 ile e\u011fitim almal\u0131d\u0131rlar. B\u00fct\u00fcn \u00e7ocuklar\u0131n e\u011fitiminde oldu\u011fu gibi zihinsel yetersizli\u011fi olan \u00e7ocuklar\u0131n e\u011fitiminde de onlar\u0131n ileride ba\u015fkalar\u0131na ba\u011f\u0131ml\u0131 olmadan ya\u015famlar\u0131n\u0131 s\u00fcrd\u00fcrmeleri, kendi kendilerine yeterli duruma gelmeleri ve toplumda b\u00fct\u00fcnle\u015fmeleri ama\u00e7lanmaktad\u0131r. Zihinsel yetersizli\u011fi olan \u00e7ocuklar\u0131n tam ba\u011f\u0131ms\u0131zl\u0131k kazanmalar\u0131 ve toplumsal rolleri \u00fcstlenebilmeleri i\u00e7in, bireyin bireysel farkl\u0131l\u0131klar\u0131 ile yapabildikleri g\u00f6z \u00f6n\u00fcne al\u0131narak e\u011fitim gereksinimlerinin belirlenmesi ve gereksinimlere uygun e\u011fitim ortamlar\u0131n\u0131n sunulmas\u0131 gerekiyor.<\/span><\/p>\n<p id=\"viewer-dhofj\" class=\"mm8Nw _1j-51 _1FoOD _78FBa public-DraftStyleDefault-block-depth0 fixed-tab-size public-DraftStyleDefault-text-ltr\"><span class=\"_2PHJq public-DraftStyleDefault-ltr\">Zihinsel yetersizli\u011fi olan \u00e7ocuklar\u0131n e\u011fitim gereksinimleri onlar\u0131n bireysel \u00f6zelliklerine g\u00f6re farkl\u0131la\u015fabilmektedir. Di\u011fer \u00e7ocuklar\u0131n kendi ba\u015flar\u0131na veya \u00e7ok az yard\u0131mla \u00f6\u011frendikleri pek \u00e7ok kabiliyeti zihinsel yetersizli\u011fi olan \u00e7ocuklar kendi ba\u015flar\u0131na \u00f6\u011frenmede veya az bir yard\u0131mla \u00fcstesinden gelmede zorluk \u00e7ekebilmektedirler. Zihinsel yetersizli\u011fin derecesine ve \u00e7ocu\u011fun di\u011fer alanlardaki becerilerinin etkilenme durumuna g\u00f6re e\u011fitim gereksinimlerinin belirlenebilmesi i\u00e7in, \u00e7ok y\u00f6nl\u00fc bir yakla\u015f\u0131mla yap\u0131lacak bir de\u011ferlendirmeye ihtiya\u00e7 vard\u0131r.<\/span><\/p>\n<p id=\"viewer-a1kpr\" class=\"mm8Nw _1j-51 _1FoOD _78FBa public-DraftStyleDefault-block-depth0 fixed-tab-size public-DraftStyleDefault-text-ltr\"><span class=\"_2PHJq public-DraftStyleDefault-ltr\">Bir\u00e7ok zihinsel yetersizli\u011fi olan \u00e7ocuk ba\u011f\u0131ms\u0131z ya\u015famay\u0131 \u00f6\u011frenebilir. B\u00f6ylece bir\u00e7o\u011fu kendi bak\u0131m\u0131n\u0131 sa\u011flayabilir, ev i\u015flerini yapabilir, evdeki e\u015fya ve cihazlar\u0131 kullanabilir, temizli\u011fini yapabilir, yiyecek haz\u0131rlayabilir, k\u0131saca kendi ya\u015fam\u0131n\u0131 ba\u011f\u0131ms\u0131z olarak s\u00fcrd\u00fcrebilir. Dolay\u0131s\u0131yla zihinsel yetersizli\u011fi olanlar\u0131n e\u011fitiminde en \u00fcst ama\u00e7, onlar\u0131n ba\u011f\u0131ms\u0131z ya\u015fam becerilerini bireysel \u00f6zelliklerini g\u00f6z \u00f6n\u00fcnde bulundurarak geli\u015ftirmek olmal\u0131d\u0131r.<\/span><\/p>\n<p id=\"viewer-1r14m\" class=\"mm8Nw _1j-51 _1FoOD _78FBa public-DraftStyleDefault-block-depth0 fixed-tab-size public-DraftStyleDefault-text-ltr\"><span class=\"_2PHJq public-DraftStyleDefault-ltr\">Sonu\u00e7 olarak zihinsel yetersizli\u011fi olan \u00e7ocu\u011fun de\u011ferlendirmesinde, tedavisinde ve e\u011fitiminde \u00e7ocu\u011fun ailesi \u00e7ok \u00f6nemli yer tutar. Yetersizli\u011fi olan \u00e7ocuklar\u0131n veya risk ta\u015f\u0131yan \u00e7ocuklar\u0131n aileleri, tan\u0131mlamadan planlamaya, uygulamaya ve g\u00f6zlemlemeye kadar m\u00fcdahalenin her a\u015famas\u0131na dahil edilmeli, dahil olmal\u0131d\u0131r.<\/span><\/p>\n<p id=\"viewer-avhio\" class=\"mm8Nw _1j-51 _1FoOD _78FBa public-DraftStyleDefault-block-depth0 fixed-tab-size public-DraftStyleDefault-text-ltr\"><span class=\"_2PHJq public-DraftStyleDefault-ltr\"><strong>Zihinsel Yetersizli\u011fi Bulunan Bireylerin S\u0131n\u0131fland\u0131r\u0131lmas\u0131<\/strong><\/span><\/p>\n<p id=\"viewer-cvkpc\" class=\"mm8Nw _1j-51 _1FoOD _78FBa public-DraftStyleDefault-block-depth0 fixed-tab-size public-DraftStyleDefault-text-ltr\"><span class=\"_2PHJq public-DraftStyleDefault-ltr\"><strong>1) Hafif D\u00fczeyde Zihinsel Yetersizlik<\/strong>: Bireyin, temel okuma yazma ve sayma becerilerini kazanmas\u0131nda ortaya \u00e7\u0131kan gecikme durumudur.<\/span><\/p>\n<p id=\"viewer-1j2jc\" class=\"mm8Nw _1j-51 _1FoOD _78FBa public-DraftStyleDefault-block-depth0 fixed-tab-size public-DraftStyleDefault-text-ltr\"><span class=\"_2PHJq public-DraftStyleDefault-ltr\"><strong>2) Orta D\u00fczeyde Zihinsel Yetersizlik<\/strong>: Bireyin gecikmeli bir konu\u015fma ve dil geli\u015fimi, sosyal duygusal ve davran\u0131\u015f sorunlar\u0131 ile temel okuma yazma ve sayma becerilerinin kazanmas\u0131nda ortaya \u00e7\u0131kan gecikme durumudur.<\/span><\/p>\n<p id=\"viewer-dav8q\" class=\"mm8Nw _1j-51 _1FoOD _78FBa public-DraftStyleDefault-block-depth0 fixed-tab-size public-DraftStyleDefault-text-ltr\"><span class=\"_2PHJq public-DraftStyleDefault-ltr\"><strong>3) A\u011f\u0131r D\u00fczeyde Zihinsel Yetersizlik<\/strong>: Bireyin ciddi \u015fekilde konu\u015fma ve dil geli\u015fimi g\u00fc\u00e7l\u00fc\u011f\u00fc, sosyal-duygusal ya da davran\u0131\u015f sorunlar\u0131 ile temel \u00f6zbak\u0131m becerilerini \u00f6\u011frenmesinde ortaya \u00e7\u0131kan gecikme durumudur.<\/span><\/p>\n<p id=\"viewer-5tp72\" class=\"mm8Nw _1j-51 _1FoOD _78FBa public-DraftStyleDefault-block-depth0 fixed-tab-size public-DraftStyleDefault-text-ltr\"><span class=\"_2PHJq public-DraftStyleDefault-ltr\"><strong>4) \u00c7ok A\u011f\u0131r D\u00fczeyde Zihinsel Yetersizlik:<\/strong> Ciddi bi\u00e7imde zihinsel ve birden \u00e7ok yetersizlik sebebiyle bireyin e\u011fitim-\u00f6\u011fretim hizmetlerinden yararlanamama durumudur. Devaml\u0131 yard\u0131ma ve bak\u0131ma ihtiya\u00e7 duyarlar.<\/span><\/p>\n<\/div>\n<\/div>\n<\/div>\n<\/div>\n<\/div>\n\t\t<\/div>\n\t\t\t\t\t<\/div>\n\n\t\n\n\t<div id=\"col-1955268862\" class=\"col medium-4 small-12 large-4\"  >\n\t\t\t\t<div class=\"col-inner\"  >\n\t\t\t\n\t\t\t\n\t<div class=\"img has-hover x md-x lg-x y md-y lg-y\" id=\"image_523566250\">\n\t\t\t\t\t\t\t\t<div class=\"img-inner dark\" >\n\t\t\t<img loading=\"lazy\" decoding=\"async\" width=\"277\" height=\"284\" src=\"https:\/\/iletisimozelegitim.com\/wp-content\/uploads\/2023\/02\/zihinsel.jpg\" class=\"attachment-original size-original\" alt=\"\" \/>\t\t\t\t\t\t\n\t\t\t\t\t<\/div>\n\t\t\t\t\t\t\t\t\n<style>\n#image_523566250 {\n  width: 70%;\n}\n<\/style>\n\t<\/div>\n\t\n\t\t<\/div>\n\t\t\t\t\t<\/div>\n\n\t\n<\/div>\n","protected":false},"excerpt":{"rendered":"","protected":false},"author":1,"featured_media":0,"parent":0,"menu_order":0,"comment_status":"closed","ping_status":"closed","template":"","meta":{"footnotes":""},"class_list":["post-175","page","type-page","status-publish","hentry"],"_links":{"self":[{"href":"https:\/\/iletisimozelegitim.com\/index.php\/wp-json\/wp\/v2\/pages\/175","targetHints":{"allow":["GET"]}}],"collection":[{"href":"https:\/\/iletisimozelegitim.com\/index.php\/wp-json\/wp\/v2\/pages"}],"about":[{"href":"https:\/\/iletisimozelegitim.com\/index.php\/wp-json\/wp\/v2\/types\/page"}],"author":[{"embeddable":true,"href":"https:\/\/iletisimozelegitim.com\/index.php\/wp-json\/wp\/v2\/users\/1"}],"replies":[{"embeddable":true,"href":"https:\/\/iletisimozelegitim.com\/index.php\/wp-json\/wp\/v2\/comments?post=175"}],"version-history":[{"count":5,"href":"https:\/\/iletisimozelegitim.com\/index.php\/wp-json\/wp\/v2\/pages\/175\/revisions"}],"predecessor-version":[{"id":244,"href":"https:\/\/iletisimozelegitim.com\/index.php\/wp-json\/wp\/v2\/pages\/175\/revisions\/244"}],"wp:attachment":[{"href":"https:\/\/iletisimozelegitim.com\/index.php\/wp-json\/wp\/v2\/media?parent=175"}],"curies":[{"name":"wp","href":"https:\/\/api.w.org\/{rel}","templated":true}]}}