{"id":162,"date":"2023-02-04T11:32:42","date_gmt":"2023-02-04T11:32:42","guid":{"rendered":"https:\/\/idealhediyem.com\/ideal\/?page_id=162"},"modified":"2023-02-06T14:23:17","modified_gmt":"2023-02-06T14:23:17","slug":"calisma-alanlarimiz","status":"publish","type":"page","link":"https:\/\/iletisimozelegitim.com\/index.php\/calisma-alanlarimiz\/","title":{"rendered":"\u00c7al\u0131\u015fma Alanlar\u0131m\u0131z"},"content":{"rendered":"<div class=\"row\"  id=\"row-1643491087\">\n\n\t<div id=\"col-1718943521\" class=\"col medium-4 small-12 large-4\"  >\n\t\t\t\t<div class=\"col-inner\"  >\n\t\t\t\n\t\t\t\n\t<div class=\"img has-hover x md-x lg-x y md-y lg-y\" id=\"image_426808512\">\n\t\t\t\t\t\t\t\t<div class=\"img-inner dark\" >\n\t\t\t<img loading=\"lazy\" decoding=\"async\" width=\"277\" height=\"284\" src=\"https:\/\/iletisimozelegitim.com\/wp-content\/uploads\/2023\/02\/zihinsel.jpg\" class=\"attachment-large size-large\" alt=\"\" \/>\t\t\t\t\t\t\n\t\t\t\t\t<\/div>\n\t\t\t\t\t\t\t\t\n<style>\n#image_426808512 {\n  width: 100%;\n}\n<\/style>\n\t<\/div>\n\t\n<h2 class=\"font_2\"><span style=\"font-size: 80%;\">Zihinsel Yetersizlik<\/span><\/h2>\n<p>Zihinsel yetersizli\u011fi olan veya olmayan \u00e7ocuklar\u0131n her birinin \u00f6\u011frenme stili ve \u00f6\u011frenme h\u0131z\u0131 de\u011fi\u015fiklik g\u00f6stermektedir. Zihinsel yetersizli\u011fi olan \u00e7ocuklar akranlar\u0131ndan geli\u015fimsel olarak geri kalmakla beraber, geli\u015fim d\u00fczeylerine<br \/><a href=\"https:\/\/iletisimozelegitim.com\/index.php\/zihinsel-yetersizlik\/\"><span style=\"color: #99cc00;\">devam\u0131&#8230;<\/span><\/a><\/p>\n\t\t<\/div>\n\t\t\t\t\t<\/div>\n\n\t\n\n\t<div id=\"col-421633568\" class=\"col medium-4 small-12 large-4\"  >\n\t\t\t\t<div class=\"col-inner\"  >\n\t\t\t\n\t\t\t\n\t<div class=\"img has-hover x md-x lg-x y md-y lg-y\" id=\"image_1349833845\">\n\t\t\t\t\t\t\t\t<div class=\"img-inner dark\" >\n\t\t\t<img loading=\"lazy\" decoding=\"async\" width=\"276\" height=\"280\" src=\"https:\/\/iletisimozelegitim.com\/wp-content\/uploads\/2023\/02\/dikkat_eksikligi.jpg\" class=\"attachment-large size-large\" alt=\"\" \/>\t\t\t\t\t\t\n\t\t\t\t\t<\/div>\n\t\t\t\t\t\t\t\t\n<style>\n#image_1349833845 {\n  width: 100%;\n}\n<\/style>\n\t<\/div>\n\t\n<div id=\"bgLayers_comp-kzsfy3rq\" class=\"MW5IWV\" data-hook=\"bgLayers\">\n<div id=\"bgMedia_comp-kzsfy3rq\" class=\"VgO9Yg\"><span style=\"font-size: 120%; color: #000000;\">Dikkat Eksikli\u011fi ve Hiperaktivite Bozuklu\u011fu<\/span><\/div>\n<div>Dikkat Eksikli\u011fi Hiperaktivite Bozuklu\u011fu\u2019nun (DEHB)\u2019in olus\u0327umu genel itibari ile psikolojik ve no\u0308robiyolojik fakto\u0308rler (beyindeki aktivitelerin du\u0308zenlenmesinde ve uyaranlar\u0131n tas\u0327\u0131nmas\u0131nda yetersizlik), duygular\u0131n\u0131 du\u0308zenleyememe,<\/div>\n<div><a href=\"https:\/\/iletisimozelegitim.com\/index.php\/dikkat-eksikligi-ve-hiperaktivite-bozuklugu\/\"><span style=\"color: #99cc00;\">devam\u0131&#8230;<\/span><\/a><\/div>\n<\/div>\n\t\t<\/div>\n\t\t\t\t\t<\/div>\n\n\t\n\n\t<div id=\"col-1035185578\" class=\"col medium-4 small-12 large-4\"  >\n\t\t\t\t<div class=\"col-inner\"  >\n\t\t\t\n\t\t\t\n\t<div class=\"img has-hover x md-x lg-x y md-y lg-y\" id=\"image_1885651156\">\n\t\t\t\t\t\t\t\t<div class=\"img-inner dark\" >\n\t\t\t<img loading=\"lazy\" decoding=\"async\" width=\"271\" height=\"283\" src=\"https:\/\/iletisimozelegitim.com\/wp-content\/uploads\/2023\/02\/fizyoterapi.jpg\" class=\"attachment-large size-large\" alt=\"\" \/>\t\t\t\t\t\t\n\t\t\t\t\t<\/div>\n\t\t\t\t\t\t\t\t\n<style>\n#image_1885651156 {\n  width: 100%;\n}\n<\/style>\n\t<\/div>\n\t\n<div id=\"bgLayers_comp-kzsfy3rq\" class=\"MW5IWV\" data-hook=\"bgLayers\">\n<div id=\"bgMedia_comp-kzsfy3rq\" class=\"VgO9Yg\"><span style=\"font-size: 120%; color: #000000;\">Fizyoterapi ve Rehabilitasyon<\/span><\/div>\n<\/div>\n<p>Fizik tedavi ve rehabilitasyonun amac\u0131 \u00e7ocuklar\u0131n, en temel, fizyolojik ve \u00e7evresel k\u0131s\u0131tl\u0131l\u0131klar\u0131n\u0131 en aza d\u00fc\u015f\u00fcrmek, fonksiyonel ve psikolojik ba\u011f\u0131ms\u0131zl\u0131klar\u0131n\u0131 maksimum seviyeye \u00e7\u0131kararak ya\u015fam kalitelerini artt\u0131rmakt\u0131r.<br \/><a href=\"https:\/\/iletisimozelegitim.com\/index.php\/fizyoterapi-ve-rehabilitasyon\/\"><span style=\"color: #99cc00;\">devam\u0131&#8230;<\/span><\/a><\/p>\n\t\t<\/div>\n\t\t\t\t\t<\/div>\n\n\t\n<\/div>\n<div class=\"row\"  id=\"row-1974934308\">\n\n\t<div id=\"col-683803432\" class=\"col medium-4 small-12 large-4\"  >\n\t\t\t\t<div class=\"col-inner\"  >\n\t\t\t\n\t\t\t\n\t<div class=\"img has-hover x md-x lg-x y md-y lg-y\" id=\"image_1867023189\">\n\t\t\t\t\t\t\t\t<div class=\"img-inner dark\" >\n\t\t\t<img loading=\"lazy\" decoding=\"async\" width=\"276\" height=\"281\" src=\"https:\/\/iletisimozelegitim.com\/wp-content\/uploads\/2023\/02\/down.jpg\" class=\"attachment-large size-large\" alt=\"\" \/>\t\t\t\t\t\t\n\t\t\t\t\t<\/div>\n\t\t\t\t\t\t\t\t\n<style>\n#image_1867023189 {\n  width: 100%;\n}\n<\/style>\n\t<\/div>\n\t\n<div id=\"bgLayers_comp-kzsfy3rq\" class=\"MW5IWV\" data-hook=\"bgLayers\">\n<div id=\"bgMedia_comp-kzsfy3rq\" class=\"VgO9Yg\"><span style=\"font-size: 120%; color: #000000;\">Down Sendromu<\/span><\/div>\n<\/div>\n<div class=\"\" data-mesh-id=\"comp-kzsfy3rq__00000000-0000-0000-0000-000000000004inlineContent\" data-testid=\"inline-content\">\n<div data-mesh-id=\"comp-kzsfy3rq__00000000-0000-0000-0000-000000000004inlineContent-gridContainer\" data-testid=\"mesh-container-content\">\n<div id=\"comp-kzsfy3sm__00000000-0000-0000-0000-000000000004\" class=\"KcpHeO tz5f0K comp-kzsfy3sm wixui-text\" data-testid=\"richTextElement\">\n<p class=\"font_8\">Down Sendromu insan\u0131n en k\u00fc\u00e7\u00fck yap\u0131 ta\u015f\u0131 olan kromozom say\u0131s\u0131ndaki bir sorundan kaynaklan\u0131r ve insanlarda en s\u0131k g\u00f6r\u00fclen kromozom farkl\u0131l\u0131\u011f\u0131d\u0131r. (Canl\u0131 do\u011fumlarda s\u0131kl\u0131\u011f\u0131 1\/ 850\u2019dir, genel itibari ile anne ya\u015f\u0131 artt\u0131k\u00e7a daha s\u0131k g\u00f6r\u00fcl\u00fcr.)<br \/><a href=\"https:\/\/iletisimozelegitim.com\/index.php\/down-sendromu\/\"><span style=\"color: #99cc00;\">devam\u0131&#8230;<\/span><\/a><\/p>\n<\/div>\n<\/div>\n<\/div>\n\t\t<\/div>\n\t\t\t\t\t<\/div>\n\n\t\n\n\t<div id=\"col-1790580350\" class=\"col medium-4 small-12 large-4\"  >\n\t\t\t\t<div class=\"col-inner\"  >\n\t\t\t\n\t\t\t\n\t<div class=\"img has-hover x md-x lg-x y md-y lg-y\" id=\"image_1663245406\">\n\t\t\t\t\t\t\t\t<div class=\"img-inner dark\" >\n\t\t\t<img loading=\"lazy\" decoding=\"async\" width=\"275\" height=\"279\" src=\"https:\/\/iletisimozelegitim.com\/wp-content\/uploads\/2023\/02\/dil_konusma.jpg\" class=\"attachment-large size-large\" alt=\"\" \/>\t\t\t\t\t\t\n\t\t\t\t\t<\/div>\n\t\t\t\t\t\t\t\t\n<style>\n#image_1663245406 {\n  width: 100%;\n}\n<\/style>\n\t<\/div>\n\t\n<div id=\"comp-kzsfy3s6__00000000-0000-0000-0000-000000000005\" class=\"KcpHeO tz5f0K comp-kzsfy3s6 wixui-text\" data-testid=\"richTextElement\">\n<h2 class=\"font_2\"><span style=\"font-size: 75%; color: #000000;\">Dil ve Konu\u015fma Bozukluklar\u0131<\/span><\/h2>\n<\/div>\n<div id=\"comp-kzsfy3sm__00000000-0000-0000-0000-000000000005\" class=\"KcpHeO tz5f0K comp-kzsfy3sm wixui-text\" data-testid=\"richTextElement\">\n<p class=\"font_8\">\u00c7ocu\u011fun i\u015fitmesine ve konu\u015fmas\u0131na engel olu\u015fturan patolojiler ara\u015ft\u0131r\u0131lmal\u0131d\u0131r. Psikolojik bir engel varl\u0131\u011f\u0131 sorgulanmal\u0131d\u0131r. Daha sonra ya\u015f\u0131yla uyumlu geli\u015fim testi, zeka testi de\u011ferlendirmeleri yap\u0131lmal\u0131d\u0131r. Ayr\u0131ca kas ve sinir sistemini etkileyebilecek rahats\u0131zl\u0131klar ara\u015ft\u0131r\u0131lmal\u0131d\u0131r.<br \/><a href=\"https:\/\/iletisimozelegitim.com\/index.php\/dil-ve-konusma-bozukluklari\/\"><span style=\"color: #99cc00;\">devam\u0131&#8230;<\/span><\/a><\/p>\n<\/div>\n\t\t<\/div>\n\t\t\t\t\t<\/div>\n\n\t\n\n\t<div id=\"col-1983204657\" class=\"col medium-4 small-12 large-4\"  >\n\t\t\t\t<div class=\"col-inner\"  >\n\t\t\t\n\t\t\t\n\t<div class=\"img has-hover x md-x lg-x y md-y lg-y\" id=\"image_1441516697\">\n\t\t\t\t\t\t\t\t<div class=\"img-inner dark\" >\n\t\t\t<img loading=\"lazy\" decoding=\"async\" width=\"272\" height=\"278\" src=\"https:\/\/iletisimozelegitim.com\/wp-content\/uploads\/2023\/02\/otizm.jpg\" class=\"attachment-large size-large\" alt=\"\" \/>\t\t\t\t\t\t\n\t\t\t\t\t<\/div>\n\t\t\t\t\t\t\t\t\n<style>\n#image_1441516697 {\n  width: 100%;\n}\n<\/style>\n\t<\/div>\n\t\n<div id=\"bgLayers_comp-kzsfy3rq\" class=\"MW5IWV\" data-hook=\"bgLayers\">\n<div id=\"bgMedia_comp-kzsfy3rq\" class=\"VgO9Yg\"><span style=\"font-size: 120%; color: #000000;\">Otizm Spektrum Bozuklu\u011fu<\/span><\/div>\n<\/div>\n<div class=\"\" data-mesh-id=\"comp-kzsfy3rq__00000000-0000-0000-0000-000000000002inlineContent\" data-testid=\"inline-content\">\n<div data-mesh-id=\"comp-kzsfy3rq__00000000-0000-0000-0000-000000000002inlineContent-gridContainer\" data-testid=\"mesh-container-content\">\n<div id=\"comp-kzsfy3sm__00000000-0000-0000-0000-000000000002\" class=\"KcpHeO tz5f0K comp-kzsfy3sm wixui-text\" data-testid=\"richTextElement\">\n<p class=\"font_8\">Otizm Spektrum Bozuklu\u011fu ya\u015fam\u0131n erken zamanlar\u0131nda ba\u015flayan ve ya\u015fam boyu s\u00fcren; sosyal ili\u015fkiler, ileti\u015fim, davran\u0131\u015f ve bili\u015fsel geli\u015fimde gecikmeye sebep olan n\u00f6robiyolojik k\u00f6kenli bir bozukluktur. Beyin geli\u015fimine ait bir bozuklu\u011fun neticesi olarak ortaya \u00e7\u0131kar.<br \/><a href=\"https:\/\/iletisimozelegitim.com\/index.php\/otizm-spektrum-bozuklugu\/\"><span style=\"color: #99cc00;\">devam\u0131&#8230;<\/span><\/a><\/p>\n<\/div>\n<\/div>\n<\/div>\n\t\t<\/div>\n\t\t\t\t\t<\/div>\n\n\t\n<\/div>\n<div class=\"row\"  id=\"row-17418685\">\n\n\t<div id=\"col-1208844136\" class=\"col medium-4 small-12 large-4\"  >\n\t\t\t\t<div class=\"col-inner\"  >\n\t\t\t\n\t\t\t\n\t<div class=\"img has-hover x md-x lg-x y md-y lg-y\" id=\"image_807628409\">\n\t\t\t\t\t\t\t\t<div class=\"img-inner dark\" >\n\t\t\t<img loading=\"lazy\" decoding=\"async\" width=\"272\" height=\"281\" src=\"https:\/\/iletisimozelegitim.com\/wp-content\/uploads\/2023\/02\/ozelogrenme.jpg\" class=\"attachment-large size-large\" alt=\"\" \/>\t\t\t\t\t\t\n\t\t\t\t\t<\/div>\n\t\t\t\t\t\t\t\t\n<style>\n#image_807628409 {\n  width: 100%;\n}\n<\/style>\n\t<\/div>\n\t\n<div id=\"bgLayers_comp-kzsfy3rq\" class=\"MW5IWV\" data-hook=\"bgLayers\">\n<div id=\"bgMedia_comp-kzsfy3rq\" class=\"VgO9Yg\"><span style=\"font-size: 120%; color: #000000;\">\u00d6zel \u00d6\u011frenme G\u00fc\u00e7l\u00fc\u011f\u00fc<\/span><\/div>\n<\/div>\n<div class=\"\" data-mesh-id=\"comp-kzsfy3rq__00000000-0000-0000-0000-000000000003inlineContent\" data-testid=\"inline-content\">\n<div data-mesh-id=\"comp-kzsfy3rq__00000000-0000-0000-0000-000000000003inlineContent-gridContainer\" data-testid=\"mesh-container-content\">\n<div id=\"comp-kzsfy3sm__00000000-0000-0000-0000-000000000003\" class=\"KcpHeO tz5f0K comp-kzsfy3sm wixui-text\" data-testid=\"richTextElement\">\n<p class=\"font_8\">\u00d6zg\u00fcl \u00f6\u011frenme g\u00fc\u00e7l\u00fc\u011f\u00fc tan\u0131s\u0131n\u0131 uzman bir ekip (psikolog, \u00e7ocuk psikiyatrisi ve \u00f6zel e\u011fitim uzman\u0131) koymal\u0131d\u0131r.<br \/><a href=\"https:\/\/iletisimozelegitim.com\/index.php\/ozel-ogrenme-guclugu\/\"><span style=\"color: #99cc00;\">devam\u0131&#8230;<\/span><\/a><\/p>\n<\/div>\n<\/div>\n<\/div>\n\t\t<\/div>\n\t\t\t\t\t<\/div>\n\n\t\n<\/div>\n","protected":false},"excerpt":{"rendered":"","protected":false},"author":1,"featured_media":0,"parent":0,"menu_order":0,"comment_status":"closed","ping_status":"closed","template":"","meta":{"footnotes":""},"class_list":["post-162","page","type-page","status-publish","hentry"],"_links":{"self":[{"href":"https:\/\/iletisimozelegitim.com\/index.php\/wp-json\/wp\/v2\/pages\/162","targetHints":{"allow":["GET"]}}],"collection":[{"href":"https:\/\/iletisimozelegitim.com\/index.php\/wp-json\/wp\/v2\/pages"}],"about":[{"href":"https:\/\/iletisimozelegitim.com\/index.php\/wp-json\/wp\/v2\/types\/page"}],"author":[{"embeddable":true,"href":"https:\/\/iletisimozelegitim.com\/index.php\/wp-json\/wp\/v2\/users\/1"}],"replies":[{"embeddable":true,"href":"https:\/\/iletisimozelegitim.com\/index.php\/wp-json\/wp\/v2\/comments?post=162"}],"version-history":[{"count":13,"href":"https:\/\/iletisimozelegitim.com\/index.php\/wp-json\/wp\/v2\/pages\/162\/revisions"}],"predecessor-version":[{"id":243,"href":"https:\/\/iletisimozelegitim.com\/index.php\/wp-json\/wp\/v2\/pages\/162\/revisions\/243"}],"wp:attachment":[{"href":"https:\/\/iletisimozelegitim.com\/index.php\/wp-json\/wp\/v2\/media?parent=162"}],"curies":[{"name":"wp","href":"https:\/\/api.w.org\/{rel}","templated":true}]}}