{"id":152,"date":"2023-02-04T10:41:51","date_gmt":"2023-02-04T10:41:51","guid":{"rendered":"https:\/\/idealhediyem.com\/ideal\/?page_id=152"},"modified":"2023-02-04T10:43:34","modified_gmt":"2023-02-04T10:43:34","slug":"psikolojik-danismanlik","status":"publish","type":"page","link":"https:\/\/iletisimozelegitim.com\/index.php\/psikolojik-danismanlik\/","title":{"rendered":"Psikolojik Dan\u0131\u015fmanl\u0131k"},"content":{"rendered":"<div class=\"row\"  id=\"row-1819273204\">\n\n\t<div id=\"col-1054875778\" class=\"col medium-8 small-12 large-8\"  >\n\t\t\t\t<div class=\"col-inner\"  >\n\t\t\t\n\t\t\t\n<div id=\"comp-l015aykz\" class=\"KcpHeO tz5f0K comp-l015aykz wixui-text\" data-testid=\"richTextElement\">\n<h2 class=\"font_2\">Psikolojik Dan\u0131\u015fmanl\u0131k<\/h2>\n<\/div>\n<div id=\"comp-l015ayl5\" class=\"KcpHeO tz5f0K comp-l015ayl5 wixui-text\" data-testid=\"richTextElement\">\n<p class=\"font_8\">Psikolog, psikolojik dan\u0131\u015fman ve \u00f6zel e\u011fitimcilerin d\u00fczenledi\u011fi, \u00f6zel ihtiya\u00e7lar\u0131 olan \u00e7ocu\u011fa\u00a0 sahip ailelerin sosyal ya\u015fama uyumunu kolayla\u015ft\u0131rmak, toplum kaynaklar\u0131n\u0131 kullanma becerisini geli\u015ftirmek i\u00e7in aile dan\u0131\u015fmanl\u0131\u011f\u0131 ve psikolojik destek hizmeti verilmektedir.<\/p>\n<\/div>\n\t\t<\/div>\n\t\t\t\t\t<\/div>\n\n\t\n\n\t<div id=\"col-1072910337\" class=\"col medium-4 small-12 large-4\"  >\n\t\t\t\t<div class=\"col-inner\"  >\n\t\t\t\n\t\t\t\n\t<div class=\"img has-hover x md-x lg-x y md-y lg-y\" id=\"image_144658249\">\n\t\t\t\t\t\t\t\t<div class=\"img-inner dark\" >\n\t\t\t<img loading=\"lazy\" decoding=\"async\" width=\"875\" height=\"808\" src=\"https:\/\/iletisimozelegitim.com\/wp-content\/uploads\/2023\/02\/psikolojik_danismanlik.jpg\" class=\"attachment-original size-original\" alt=\"\" srcset=\"https:\/\/iletisimozelegitim.com\/wp-content\/uploads\/2023\/02\/psikolojik_danismanlik.jpg 875w, https:\/\/iletisimozelegitim.com\/wp-content\/uploads\/2023\/02\/psikolojik_danismanlik-300x277.jpg 300w, https:\/\/iletisimozelegitim.com\/wp-content\/uploads\/2023\/02\/psikolojik_danismanlik-768x709.jpg 768w\" sizes=\"auto, (max-width: 875px) 100vw, 875px\" \/>\t\t\t\t\t\t\n\t\t\t\t\t<\/div>\n\t\t\t\t\t\t\t\t\n<style>\n#image_144658249 {\n  width: 70%;\n}\n<\/style>\n\t<\/div>\n\t\n\t\t<\/div>\n\t\t\t\t\t<\/div>\n\n\t\n<\/div>\n","protected":false},"excerpt":{"rendered":"","protected":false},"author":1,"featured_media":0,"parent":0,"menu_order":0,"comment_status":"closed","ping_status":"closed","template":"","meta":{"footnotes":""},"class_list":["post-152","page","type-page","status-publish","hentry"],"_links":{"self":[{"href":"https:\/\/iletisimozelegitim.com\/index.php\/wp-json\/wp\/v2\/pages\/152","targetHints":{"allow":["GET"]}}],"collection":[{"href":"https:\/\/iletisimozelegitim.com\/index.php\/wp-json\/wp\/v2\/pages"}],"about":[{"href":"https:\/\/iletisimozelegitim.com\/index.php\/wp-json\/wp\/v2\/types\/page"}],"author":[{"embeddable":true,"href":"https:\/\/iletisimozelegitim.com\/index.php\/wp-json\/wp\/v2\/users\/1"}],"replies":[{"embeddable":true,"href":"https:\/\/iletisimozelegitim.com\/index.php\/wp-json\/wp\/v2\/comments?post=152"}],"version-history":[{"count":2,"href":"https:\/\/iletisimozelegitim.com\/index.php\/wp-json\/wp\/v2\/pages\/152\/revisions"}],"predecessor-version":[{"id":156,"href":"https:\/\/iletisimozelegitim.com\/index.php\/wp-json\/wp\/v2\/pages\/152\/revisions\/156"}],"wp:attachment":[{"href":"https:\/\/iletisimozelegitim.com\/index.php\/wp-json\/wp\/v2\/media?parent=152"}],"curies":[{"name":"wp","href":"https:\/\/api.w.org\/{rel}","templated":true}]}}