{"id":138,"date":"2023-02-04T10:30:19","date_gmt":"2023-02-04T10:30:19","guid":{"rendered":"https:\/\/idealhediyem.com\/ideal\/?page_id=138"},"modified":"2023-02-04T10:41:00","modified_gmt":"2023-02-04T10:41:00","slug":"aile-egitimi","status":"publish","type":"page","link":"https:\/\/iletisimozelegitim.com\/index.php\/aile-egitimi\/","title":{"rendered":"Aile E\u011fitimi"},"content":{"rendered":"<div class=\"row\"  id=\"row-123330122\">\n\n\t<div id=\"col-1635569407\" class=\"col medium-8 small-12 large-8\"  >\n\t\t\t\t<div class=\"col-inner\"  >\n\t\t\t\n\t\t\t\n<div id=\"comp-l014e4oq\" class=\"KcpHeO tz5f0K comp-l014e4oq wixui-text\" data-testid=\"richTextElement\">\n<div id=\"comp-l0dvbby2\" class=\"KcpHeO tz5f0K comp-l0dvbby2 wixui-text\" data-testid=\"richTextElement\">\n<h2 class=\"font_2\">Aile E\u011fitimi<\/h2>\n<\/div>\n<div id=\"comp-l0dvbby9\" class=\"KcpHeO tz5f0K comp-l0dvbby9 wixui-text\" data-testid=\"richTextElement\">\n<p class=\"font_8\">Merkezimizde\u00a0 ev ziyaretleri, okul ziyaretleri, aile dan\u0131\u015fmanl\u0131\u011f\u0131 ve rehberli\u011fi yap\u0131lmaktad\u0131r.\u00a0<span class=\"wixGuard\">\u200b<\/span><\/p>\n<p class=\"font_8\">Bundan ama\u00e7;<\/p>\n<\/div>\n<\/div>\n<div id=\"comp-l014fnxs\" class=\"KcpHeO tz5f0K comp-l014fnxs wixui-text\" data-testid=\"richTextElement\">\n<ul>\n<li>\n<p class=\"font_8\">Aileyi aktif olarak e\u011fitim s\u00fcrecine katmak,<\/p>\n<\/li>\n<li>\n<p class=\"font_8\">\u00c7ocu\u011fa verilen e\u011fitim ile aile e\u011fitimini birle\u015ftirerek daha kal\u0131c\u0131 bir e\u011fitim sa\u011flamak,<\/p>\n<\/li>\n<li>\n<p class=\"font_8\">Ailelerin geli\u015fimsel gerili\u011fi olan \u00e7ocuklarla engelli \u00e7ocuklar hakk\u0131nda zihinsel, fiziksel ve psikolojik y\u00f6nden, bilgilenmesini sa\u011flamak,<\/p>\n<\/li>\n<li>\n<p class=\"font_8\">\u00d6zel ihtiya\u00e7lar\u0131 olan \u00e7ocu\u011fa sahip ailelerin sosyal ya\u015fama uyumunu kolayla\u015ft\u0131rmak,<\/p>\n<\/li>\n<li>\n<p class=\"font_8\">Ailelerin ihtiya\u00e7 duydu\u011fu anda toplum kaynaklar\u0131n\u0131 kullanma becerisini geli\u015ftirmek,<\/p>\n<\/li>\n<li>\n<p class=\"font_8\">Ailenin \u00e7ocu\u011funun yasal haklar\u0131 konusunda bilgilenmesini sa\u011flamakt\u0131r.<\/p>\n<\/li>\n<\/ul>\n<\/div>\n\t\t<\/div>\n\t\t\t\t\t<\/div>\n\n\t\n\n\t<div id=\"col-666759926\" class=\"col medium-4 small-12 large-4\"  >\n\t\t\t\t<div class=\"col-inner\"  >\n\t\t\t\n\t\t\t\n\t<div class=\"img has-hover x md-x lg-x y md-y lg-y\" id=\"image_1678036513\">\n\t\t\t\t\t\t\t\t<div class=\"img-inner dark\" >\n\t\t\t<img loading=\"lazy\" decoding=\"async\" width=\"883\" height=\"806\" src=\"https:\/\/iletisimozelegitim.com\/wp-content\/uploads\/2023\/02\/ailegitimi.jpg\" class=\"attachment-original size-original\" alt=\"\" srcset=\"https:\/\/iletisimozelegitim.com\/wp-content\/uploads\/2023\/02\/ailegitimi.jpg 883w, https:\/\/iletisimozelegitim.com\/wp-content\/uploads\/2023\/02\/ailegitimi-300x274.jpg 300w, https:\/\/iletisimozelegitim.com\/wp-content\/uploads\/2023\/02\/ailegitimi-768x701.jpg 768w\" sizes=\"auto, (max-width: 883px) 100vw, 883px\" \/>\t\t\t\t\t\t\n\t\t\t\t\t<\/div>\n\t\t\t\t\t\t\t\t\n<style>\n#image_1678036513 {\n  width: 70%;\n}\n<\/style>\n\t<\/div>\n\t\n\t\t<\/div>\n\t\t\t\t\t<\/div>\n\n\t\n<\/div>\n","protected":false},"excerpt":{"rendered":"","protected":false},"author":1,"featured_media":0,"parent":0,"menu_order":0,"comment_status":"closed","ping_status":"closed","template":"","meta":{"footnotes":""},"class_list":["post-138","page","type-page","status-publish","hentry"],"_links":{"self":[{"href":"https:\/\/iletisimozelegitim.com\/index.php\/wp-json\/wp\/v2\/pages\/138","targetHints":{"allow":["GET"]}}],"collection":[{"href":"https:\/\/iletisimozelegitim.com\/index.php\/wp-json\/wp\/v2\/pages"}],"about":[{"href":"https:\/\/iletisimozelegitim.com\/index.php\/wp-json\/wp\/v2\/types\/page"}],"author":[{"embeddable":true,"href":"https:\/\/iletisimozelegitim.com\/index.php\/wp-json\/wp\/v2\/users\/1"}],"replies":[{"embeddable":true,"href":"https:\/\/iletisimozelegitim.com\/index.php\/wp-json\/wp\/v2\/comments?post=138"}],"version-history":[{"count":4,"href":"https:\/\/iletisimozelegitim.com\/index.php\/wp-json\/wp\/v2\/pages\/138\/revisions"}],"predecessor-version":[{"id":151,"href":"https:\/\/iletisimozelegitim.com\/index.php\/wp-json\/wp\/v2\/pages\/138\/revisions\/151"}],"wp:attachment":[{"href":"https:\/\/iletisimozelegitim.com\/index.php\/wp-json\/wp\/v2\/media?parent=138"}],"curies":[{"name":"wp","href":"https:\/\/api.w.org\/{rel}","templated":true}]}}