{"id":112,"date":"2023-02-04T10:03:53","date_gmt":"2023-02-04T10:03:53","guid":{"rendered":"https:\/\/idealhediyem.com\/ideal\/?page_id=112"},"modified":"2023-02-04T10:40:43","modified_gmt":"2023-02-04T10:40:43","slug":"bireysel-egitim","status":"publish","type":"page","link":"https:\/\/iletisimozelegitim.com\/index.php\/bireysel-egitim\/","title":{"rendered":"Bireysel E\u011fitim"},"content":{"rendered":"<div class=\"row\"  id=\"row-427027723\">\n\n\t<div id=\"col-1051079530\" class=\"col medium-8 small-12 large-8\"  >\n\t\t\t\t<div class=\"col-inner\"  >\n\t\t\t\n\t\t\t\n<div id=\"comp-l014e4oq\" class=\"KcpHeO tz5f0K comp-l014e4oq wixui-text\" data-testid=\"richTextElement\">\n<h2 class=\"font_2\">Bireysel E\u011fitim<\/h2>\n<\/div>\n<div id=\"comp-l014fnxs\" class=\"KcpHeO tz5f0K comp-l014fnxs wixui-text\" data-testid=\"richTextElement\">\n<p class=\"font_8\">Bireysel e\u011fitim program\u0131n\u0131n amac\u0131 \u00e7ocu\u011fun ailesine daha az ba\u011f\u0131ml\u0131 hale gelmesi, ya\u015f\u0131tlar\u0131 ile\u00a0 aras\u0131ndaki geli\u015fimsel ve akademik fark\u0131n en aza inmesini sa\u011flamakt\u0131r.\u00a0<\/p>\n<p class=\"font_8\"><span class=\"wixGuard\">\u200b<\/span>\u0130leti\u015fim \u00d6zel E\u011fitim ve Rehabilitasyon Merkezi uzmanlar\u0131 taraf\u0131ndan olu\u015fturulan e\u011fitim programlar\u0131;<\/p>\n<ul>\n<li>Erken \u00e7ocukluk d\u00f6nemi e\u011fitim program\u0131<\/li>\n<li>Okul \u00f6ncesi e\u011fitim program\u0131<\/li>\n<li>Akademik beceri e\u011fitim program\u0131<\/li>\n<li>Dil ve ileti\u015fim becerileri e\u011fitim program\u0131<\/li>\n<li>Sosyal entegrasyon ve temel ya\u015fam becerileri e\u011fitim program\u0131<\/li>\n<li>Aile e\u011fitim program\u0131<\/li>\n<li>Davran\u0131\u015f de\u011fi\u015ftirme e\u011fitim program\u0131<\/li>\n<li>Fizik tedavi ve rehabilitasyon program\u0131<\/li>\n<li>\u0130\u015f ve u\u011fra\u015f\u0131 terapisi e\u011fitim program\u0131<\/li>\n<\/ul>\n<\/div>\n\t\t<\/div>\n\t\t\t\t\t<\/div>\n\n\t\n\n\t<div id=\"col-1003123160\" class=\"col medium-4 small-12 large-4\"  >\n\t\t\t\t<div class=\"col-inner\"  >\n\t\t\t\n\t\t\t\n\t<div class=\"img has-hover x md-x lg-x y md-y lg-y\" id=\"image_177866651\">\n\t\t\t\t\t\t\t\t<div class=\"img-inner dark\" >\n\t\t\t<img loading=\"lazy\" decoding=\"async\" width=\"881\" height=\"952\" src=\"https:\/\/iletisimozelegitim.com\/wp-content\/uploads\/2023\/02\/bireyselegitim-1.jpg\" class=\"attachment-original size-original\" alt=\"\" srcset=\"https:\/\/iletisimozelegitim.com\/wp-content\/uploads\/2023\/02\/bireyselegitim-1.jpg 881w, https:\/\/iletisimozelegitim.com\/wp-content\/uploads\/2023\/02\/bireyselegitim-1-278x300.jpg 278w, https:\/\/iletisimozelegitim.com\/wp-content\/uploads\/2023\/02\/bireyselegitim-1-768x830.jpg 768w\" sizes=\"auto, (max-width: 881px) 100vw, 881px\" \/>\t\t\t\t\t\t\n\t\t\t\t\t<\/div>\n\t\t\t\t\t\t\t\t\n<style>\n#image_177866651 {\n  width: 70%;\n}\n<\/style>\n\t<\/div>\n\t\n\t\t<\/div>\n\t\t\t\t\t<\/div>\n\n\t\n<\/div>\n","protected":false},"excerpt":{"rendered":"","protected":false},"author":1,"featured_media":0,"parent":0,"menu_order":0,"comment_status":"closed","ping_status":"closed","template":"","meta":{"footnotes":""},"class_list":["post-112","page","type-page","status-publish","hentry"],"_links":{"self":[{"href":"https:\/\/iletisimozelegitim.com\/index.php\/wp-json\/wp\/v2\/pages\/112","targetHints":{"allow":["GET"]}}],"collection":[{"href":"https:\/\/iletisimozelegitim.com\/index.php\/wp-json\/wp\/v2\/pages"}],"about":[{"href":"https:\/\/iletisimozelegitim.com\/index.php\/wp-json\/wp\/v2\/types\/page"}],"author":[{"embeddable":true,"href":"https:\/\/iletisimozelegitim.com\/index.php\/wp-json\/wp\/v2\/users\/1"}],"replies":[{"embeddable":true,"href":"https:\/\/iletisimozelegitim.com\/index.php\/wp-json\/wp\/v2\/comments?post=112"}],"version-history":[{"count":5,"href":"https:\/\/iletisimozelegitim.com\/index.php\/wp-json\/wp\/v2\/pages\/112\/revisions"}],"predecessor-version":[{"id":150,"href":"https:\/\/iletisimozelegitim.com\/index.php\/wp-json\/wp\/v2\/pages\/112\/revisions\/150"}],"wp:attachment":[{"href":"https:\/\/iletisimozelegitim.com\/index.php\/wp-json\/wp\/v2\/media?parent=112"}],"curies":[{"name":"wp","href":"https:\/\/api.w.org\/{rel}","templated":true}]}}